{"id":157,"date":"2020-02-17T15:00:06","date_gmt":"2020-02-17T15:00:06","guid":{"rendered":"http:\/\/bizix.premiumthemes.in\/?page_id=157"},"modified":"2023-09-06T02:07:52","modified_gmt":"2023-09-05T23:07:52","slug":"faq","status":"publish","type":"page","link":"https:\/\/ikramci.com.tr\/?page_id=157","title":{"rendered":"H\u0130JYEN &#038; KAL\u0130TE"},"content":{"rendered":"\t\t<div data-elementor-type=\"wp-page\" data-elementor-id=\"157\" class=\"elementor elementor-157\">\n\t\t\t\t\t\t\t\t\t<section class=\"elementor-section elementor-top-section elementor-element elementor-element-58a65cdf elementor-section-stretched elementor-section-boxed elementor-section-height-default elementor-section-height-default\" data-id=\"58a65cdf\" data-element_type=\"section\" data-settings=\"{&quot;background_background&quot;:&quot;classic&quot;,&quot;stretch_section&quot;:&quot;section-stretched&quot;}\">\n\t\t\t\t\t\t<div class=\"elementor-container elementor-column-gap-no\">\n\t\t\t\t\t<div class=\"elementor-column elementor-col-50 elementor-top-column elementor-element elementor-element-17716bf2\" data-id=\"17716bf2\" data-element_type=\"column\">\n\t\t\t<div class=\"elementor-widget-wrap elementor-element-populated\">\n\t\t\t\t\t\t\t\t<div class=\"elementor-element elementor-element-66a352da elementor-widget elementor-widget-gyan_accordion\" data-id=\"66a352da\" data-element_type=\"widget\" data-settings=\"{&quot;accordion_type&quot;:&quot;accordion&quot;,&quot;toggle_speed&quot;:300}\" data-widget_type=\"gyan_accordion.default\">\n\t\t\t\t<div class=\"elementor-widget-container\">\n\t\t\t        <div class=\"gyan-accordion\" id=\"gyan-accordion-66a352da\" data-accordion-id=\"66a352da\">\r\n                        <div class=\"gyan-accordion-item\">\r\n\r\n                <div id=\"gyan-accordion-tab-title-1721\" class=\"gyan-accordion-tab-title gyan-accordion-tab-active-default\" tabindex=\"1721\" data-tab=\"1\" role=\"tab\" aria-controls=\"gyan-accordion-tab-content-1721\">\r\n                    <span class=\"gyan-accordion-title-icon\">\r\n                        <span class=\"gyan-accordion-title-text\">\r\n                            Kalite Y\u00f6netim Sistemleri                        <\/span>\r\n                    <\/span>\r\n                                            <div class=\"gyan-accordion-toggle-icon\">\r\n                                                            <span class=\"gyan-accordion-toggle-icon gyan-accordion-toggle-icon-close gyan-icon\"><i aria-hidden=\"true\" class=\"fas fa-chevron-down\"><\/i><\/span>\r\n                                                                                        <span class=\"gyan-accordion-toggle-icon gyan-accordion-toggle-icon-open gyan-icon\"><i aria-hidden=\"true\" class=\"fas fa-chevron-up\"><\/i><\/span>\r\n                                                    <\/div>\r\n                                    <\/div>\r\n\r\n                <div id=\"gyan-accordion-tab-content-1721\" class=\"gyan-accordion-tab-content gyan-accordion-tab-active-default\" data-tab=\"1\" role=\"tabpanel\" aria-labelledby=\"gyan-accordion-tab-title-1721\">\r\n                    <p>ISO 9001, ISO 22000, ISO 45001, ISO 14001, ISO 10002 T\u00fcm Standartlara sahibiz.<\/p>                <\/div>\r\n\r\n            <\/div>\r\n                        <div class=\"gyan-accordion-item\">\r\n\r\n                <div id=\"gyan-accordion-tab-title-1722\" class=\"gyan-accordion-tab-title\" tabindex=\"1722\" data-tab=\"2\" role=\"tab\" aria-controls=\"gyan-accordion-tab-content-1722\">\r\n                    <span class=\"gyan-accordion-title-icon\">\r\n                        <span class=\"gyan-accordion-title-text\">\r\n                            \u00c7ok kontrol \u00e7ok daha lezzet ve hijyen.                        <\/span>\r\n                    <\/span>\r\n                                            <div class=\"gyan-accordion-toggle-icon\">\r\n                                                            <span class=\"gyan-accordion-toggle-icon gyan-accordion-toggle-icon-close gyan-icon\"><i aria-hidden=\"true\" class=\"fas fa-chevron-down\"><\/i><\/span>\r\n                                                                                        <span class=\"gyan-accordion-toggle-icon gyan-accordion-toggle-icon-open gyan-icon\"><i aria-hidden=\"true\" class=\"fas fa-chevron-up\"><\/i><\/span>\r\n                                                    <\/div>\r\n                                    <\/div>\r\n\r\n                <div id=\"gyan-accordion-tab-content-1722\" class=\"gyan-accordion-tab-content\" data-tab=\"2\" role=\"tabpanel\" aria-labelledby=\"gyan-accordion-tab-title-1722\">\r\n                    <p>Simit D\u00fcnyas\u0131 ile ba\u015flayan lezzet tutkumuz ve hijyen a\u015fk\u0131m\u0131z ikramc\u0131 ile devam ediyor en y\u00fcksek d\u00fczeyde olan ekipmanlar\u0131m\u0131z s\u00fcrekli olarak teknoloji ile do\u011fru orant\u0131l\u0131 \u015fekilde yenileniyor.<\/p>                <\/div>\r\n\r\n            <\/div>\r\n                        <div class=\"gyan-accordion-item\">\r\n\r\n                <div id=\"gyan-accordion-tab-title-1723\" class=\"gyan-accordion-tab-title\" tabindex=\"1723\" data-tab=\"3\" role=\"tab\" aria-controls=\"gyan-accordion-tab-content-1723\">\r\n                    <span class=\"gyan-accordion-title-icon\">\r\n                        <span class=\"gyan-accordion-title-text\">\r\n                            G\u0131da G\u00fcvenli\u011fi                        <\/span>\r\n                    <\/span>\r\n                                            <div class=\"gyan-accordion-toggle-icon\">\r\n                                                            <span class=\"gyan-accordion-toggle-icon gyan-accordion-toggle-icon-close gyan-icon\"><i aria-hidden=\"true\" class=\"fas fa-chevron-down\"><\/i><\/span>\r\n                                                                                        <span class=\"gyan-accordion-toggle-icon gyan-accordion-toggle-icon-open gyan-icon\"><i aria-hidden=\"true\" class=\"fas fa-chevron-up\"><\/i><\/span>\r\n                                                    <\/div>\r\n                                    <\/div>\r\n\r\n                <div id=\"gyan-accordion-tab-content-1723\" class=\"gyan-accordion-tab-content\" data-tab=\"3\" role=\"tabpanel\" aria-labelledby=\"gyan-accordion-tab-title-1723\">\r\n                    <p>T\u00fcm merkezi mutfaklar\u0131m\u0131z ve hizmet verdi\u011fimiz Projelerde uygulanmakta olan G\u0131da G\u00fcvenilirli\u011fi sistemlerimiz; hijyen &amp; kalite y\u00f6netiminde g\u00f6rev alan g\u0131da m\u00fchendislerimiz taraf\u0131ndan periyodik olarak denetimlere tabi tutulmaktad\u0131r. Bu denetimlerde temel felsefemiz s\u00fcrekli iyile\u015ftirmedir, denetimler i\u015f ba\u015f\u0131 e\u011fitim s\u00fcreci i\u00e7erisinde ilerlemektedir.\u00fcYemek hizmeti sundu\u011fumuz t\u00fcm misafirlerimizin g\u0131da g\u00fcvenli\u011fini garanti alt\u0131nda tutan hijyen kalite g\u00fcvence departman\u0131m\u0131z kalite y\u00f6netim sistemlerimizle ilgili e\u011fitim, denetim iyile\u015ftirme \u00e7al\u0131\u015fmalar\u0131 yapmaktad\u0131r. E\u011fitilmi\u015f personel ve uygun alt yap\u0131 ile g\u0131da m\u00fchendislerimiz g\u0131da teknikerlerimiz ve uzman dan\u0131\u015fmanl\u0131k firmalar\u0131n\u0131n deste\u011fi ile t\u00fcm projelerimizde ISO22000 \u015fartlar\u0131 gere\u011fi s\u00fcrekli iyile\u015ftirme prensibiyle uygulamaktad\u0131r.<\/p>                <\/div>\r\n\r\n            <\/div>\r\n                    <\/div>\r\n\t\t\t<\/div>\n\t\t\t\t<\/div>\n\t\t\t\t\t<\/div>\n\t\t<\/div>\n\t\t\t\t<div class=\"elementor-column elementor-col-50 elementor-top-column elementor-element elementor-element-180b2f35\" data-id=\"180b2f35\" data-element_type=\"column\" data-settings=\"{&quot;background_background&quot;:&quot;classic&quot;}\">\n\t\t\t<div class=\"elementor-widget-wrap elementor-element-populated\">\n\t\t\t\t\t\t\t\t<section class=\"elementor-section elementor-inner-section elementor-element elementor-element-5a538bf8 elementor-section-full_width elementor-section-height-default elementor-section-height-default\" data-id=\"5a538bf8\" data-element_type=\"section\" data-settings=\"{&quot;background_background&quot;:&quot;classic&quot;}\">\n\t\t\t\t\t\t<div class=\"elementor-container elementor-column-gap-extended\">\n\t\t\t\t\t<div class=\"elementor-column elementor-col-100 elementor-inner-column elementor-element elementor-element-3003cf46\" data-id=\"3003cf46\" data-element_type=\"column\">\n\t\t\t<div class=\"elementor-widget-wrap elementor-element-populated\">\n\t\t\t\t\t\t\t\t<div class=\"elementor-element elementor-element-4e20a9ae gyan-title-desc-left elementor-widget elementor-widget-gyan_title\" data-id=\"4e20a9ae\" data-element_type=\"widget\" data-widget_type=\"gyan_title.default\">\n\t\t\t\t<div class=\"elementor-widget-container\">\n\t\t\t\t\t<div class=\"gyan-title\">\r\n\t\t\t<div class=\"gyan-title-heading\">Bize Ula\u015f\u0131n<\/div><div class=\"gyan-title-desc\">Neye ihtiyac\u0131n\u0131z var ?<\/div>\t\t<\/div>\r\n\t\t\t\t<\/div>\n\t\t\t\t<\/div>\n\t\t\t\t<div class=\"elementor-element elementor-element-25b37c0d gyan-cf7-style-underline gyan-cf7-button-left gyan-cf7-highlight-style-default elementor-widget elementor-widget-gyan_contact_form_styler\" data-id=\"25b37c0d\" data-element_type=\"widget\" data-widget_type=\"gyan_contact_form_styler.default\">\n\t\t\t\t<div class=\"elementor-widget-container\">\n\t\t\t\t\t\t\t<div class = \"gyan-cf7-container\">\n\t\t\t\t\t\t<div class = \"gyan-cf7 gyan-cf7-style elementor-clickable\">\n\t\t\t\t\t\t\n<div class=\"wpcf7 no-js\" id=\"wpcf7-f173-o1\" lang=\"en-US\" dir=\"ltr\">\n<div class=\"screen-reader-response\"><p role=\"status\" aria-live=\"polite\" aria-atomic=\"true\"><\/p> <ul><\/ul><\/div>\n<form action=\"\/index.php?rest_route=%2Fwp%2Fv2%2Fpages%2F157#wpcf7-f173-o1\" method=\"post\" class=\"wpcf7-form init\" aria-label=\"Contact form\" novalidate=\"novalidate\" data-status=\"init\">\n<div style=\"display: none;\">\n<input type=\"hidden\" name=\"_wpcf7\" value=\"173\" \/>\n<input type=\"hidden\" name=\"_wpcf7_version\" value=\"5.8\" \/>\n<input type=\"hidden\" name=\"_wpcf7_locale\" value=\"en_US\" \/>\n<input type=\"hidden\" name=\"_wpcf7_unit_tag\" value=\"wpcf7-f173-o1\" \/>\n<input type=\"hidden\" name=\"_wpcf7_container_post\" value=\"0\" \/>\n<input type=\"hidden\" name=\"_wpcf7_posted_data_hash\" value=\"\" \/>\n<\/div>\n<div class=\"gyan-cf7-icon icon-right\">\n\t<p><i class=\"far fa-user\"><\/i><span class=\"wpcf7-form-control-wrap\" data-name=\"your-name\"><input size=\"40\" class=\"wpcf7-form-control wpcf7-text wpcf7-validates-as-required\" aria-required=\"true\" aria-invalid=\"false\" placeholder=\"Ad Soyad\" value=\"\" type=\"text\" name=\"your-name\" \/><\/span>\n\t<\/p>\n<\/div>\n<div class=\"gyan-cf7-icon icon-right\">\n\t<p><i class=\"far fa-envelope-open\"><\/i><span class=\"wpcf7-form-control-wrap\" data-name=\"your-email\"><input size=\"40\" class=\"wpcf7-form-control wpcf7-email wpcf7-validates-as-required wpcf7-text wpcf7-validates-as-email\" aria-required=\"true\" aria-invalid=\"false\" placeholder=\"Mail Adresiniz\" value=\"\" type=\"email\" name=\"your-email\" \/><\/span>\n\t<\/p>\n<\/div>\n<div class=\"gyan-cf7-icon icon-right\">\n\t<p><i class=\"far fa-edit\"><\/i><span class=\"wpcf7-form-control-wrap\" data-name=\"your-question\"><input size=\"40\" class=\"wpcf7-form-control wpcf7-text\" aria-invalid=\"false\" placeholder=\"Sorunuz\" value=\"\" type=\"text\" name=\"your-question\" \/><\/span>\n\t<\/p>\n<\/div>\n<div class=\"gyan-cf7-icon icon-right\">\n\t<p><i class=\"far fa-edit\"><\/i><span class=\"wpcf7-form-control-wrap\" data-name=\"your-question\"><input size=\"40\" class=\"wpcf7-form-control wpcf7-text\" aria-invalid=\"false\" placeholder=\"Telefon Numaran\u0131z\" value=\"\" type=\"text\" name=\"your-question\" \/><\/span>\n\t<\/p>\n<\/div>\n<div>\n\t<p><input class=\"wpcf7-form-control wpcf7-submit has-spinner\" type=\"submit\" value=\"G\u00f6nder\" \/>\n\t<\/p>\n<\/div><div class=\"wpcf7-response-output\" aria-hidden=\"true\"><\/div>\n<\/form>\n<\/div>\n\t\t\t\t\t<\/div>\n\t\t\t\t<\/div>\n\t\t\t\t\t\t<\/div>\n\t\t\t\t<\/div>\n\t\t\t\t\t<\/div>\n\t\t<\/div>\n\t\t\t\t\t\t\t<\/div>\n\t\t<\/section>\n\t\t\t\t\t<\/div>\n\t\t<\/div>\n\t\t\t\t\t\t\t<\/div>\n\t\t<\/section>\n\t\t\t\t\t\t\t<\/div>\n\t\t","protected":false},"excerpt":{"rendered":"<p>Kalite Y\u00f6netim Sistemleri ISO 9001, ISO 22000, ISO 45001, ISO 14001, ISO 10002 T\u00fcm Standartlara sahibiz. \u00c7ok kontrol \u00e7ok daha lezzet ve hijyen. Simit D\u00fcnyas\u0131 ile ba\u015flayan lezzet tutkumuz ve hijyen a\u015fk\u0131m\u0131z ikramc\u0131 ile devam ediyor en y\u00fcksek d\u00fczeyde olan ekipmanlar\u0131m\u0131z s\u00fcrekli olarak teknoloji ile do\u011fru orant\u0131l\u0131 \u015fekilde yenileniyor. G\u0131da [&hellip;]<\/p>\n","protected":false},"author":1,"featured_media":0,"parent":0,"menu_order":0,"comment_status":"closed","ping_status":"closed","template":"elementor_header_footer","meta":{"footnotes":""},"class_list":["post-157","page","type-page","status-publish","hentry"],"_links":{"self":[{"href":"https:\/\/ikramci.com.tr\/index.php?rest_route=\/wp\/v2\/pages\/157","targetHints":{"allow":["GET"]}}],"collection":[{"href":"https:\/\/ikramci.com.tr\/index.php?rest_route=\/wp\/v2\/pages"}],"about":[{"href":"https:\/\/ikramci.com.tr\/index.php?rest_route=\/wp\/v2\/types\/page"}],"author":[{"embeddable":true,"href":"https:\/\/ikramci.com.tr\/index.php?rest_route=\/wp\/v2\/users\/1"}],"replies":[{"embeddable":true,"href":"https:\/\/ikramci.com.tr\/index.php?rest_route=%2Fwp%2Fv2%2Fcomments&post=157"}],"version-history":[{"count":6,"href":"https:\/\/ikramci.com.tr\/index.php?rest_route=\/wp\/v2\/pages\/157\/revisions"}],"predecessor-version":[{"id":2068,"href":"https:\/\/ikramci.com.tr\/index.php?rest_route=\/wp\/v2\/pages\/157\/revisions\/2068"}],"wp:attachment":[{"href":"https:\/\/ikramci.com.tr\/index.php?rest_route=%2Fwp%2Fv2%2Fmedia&parent=157"}],"curies":[{"name":"wp","href":"https:\/\/api.w.org\/{rel}","templated":true}]}}